{"id":2152,"date":"2015-10-08T10:03:18","date_gmt":"2015-10-08T09:03:18","guid":{"rendered":"http:\/\/www.book-a-flat.com\/magazine\/?page_id=2152"},"modified":"2019-08-09T10:58:53","modified_gmt":"2019-08-09T08:58:53","slug":"a-propos","status":"publish","type":"page","link":"https:\/\/www.book-a-flat.com\/magazine\/fr\/a-propos","title":{"rendered":"Paris Life Magazine"},"content":{"rendered":"<p>NOTRE MISSION<\/p>\n<p>Paris life magazine propose un point de vue original sur cette ville incroyable, offrant un regard diff\u00e9rent sur le Paris que vous pensiez d\u00e9j\u00e0 conna\u00eetre et permettant de d\u00e9couvrir la capitale avec l&#8217;\u0153il d&#8217;un initi\u00e9. Tout ce dont on a besoin pour se sentir chez soi \u00e0 Paris. Ce magazine vous est propos\u00e9 par Book A Flat, agence sp\u00e9cialis\u00e9e dans la <a href=\"https:\/\/www.book-a-flat.com\/fr\/\">location meubl\u00e9e \u00e0 Paris<\/a>.<\/p>\n<a target=\"_blank\" href=\"https:\/\/www.book-a-flat.com\/fr\/\" class=\"stag-button stag-button--large stag-button--black stag-button--stroke\">TROUVER L&#8217;APPARTEMENT ID\u00c9AL \u00c0 PARIS<\/a>\n","protected":false},"excerpt":{"rendered":"<p>NOTRE MISSION Paris life magazine propose un point de vue original sur cette ville incroyable, offrant un regard diff\u00e9rent sur le Paris que vous pensiez&hellip;<\/p>\n","protected":false},"author":1,"featured_media":4142,"parent":0,"menu_order":0,"comment_status":"open","ping_status":"open","template":"widgetized.php","meta":{"amp_status":""},"_links":{"self":[{"href":"https:\/\/www.book-a-flat.com\/magazine\/wp-json\/wp\/v2\/pages\/2152"}],"collection":[{"href":"https:\/\/www.book-a-flat.com\/magazine\/wp-json\/wp\/v2\/pages"}],"about":[{"href":"https:\/\/www.book-a-flat.com\/magazine\/wp-json\/wp\/v2\/types\/page"}],"author":[{"embeddable":true,"href":"https:\/\/www.book-a-flat.com\/magazine\/wp-json\/wp\/v2\/users\/1"}],"replies":[{"embeddable":true,"href":"https:\/\/www.book-a-flat.com\/magazine\/wp-json\/wp\/v2\/comments?post=2152"}],"version-history":[{"count":7,"href":"https:\/\/www.book-a-flat.com\/magazine\/wp-json\/wp\/v2\/pages\/2152\/revisions"}],"predecessor-version":[{"id":13257,"href":"https:\/\/www.book-a-flat.com\/magazine\/wp-json\/wp\/v2\/pages\/2152\/revisions\/13257"}],"wp:featuredmedia":[{"embeddable":true,"href":"https:\/\/www.book-a-flat.com\/magazine\/wp-json\/wp\/v2\/media\/4142"}],"wp:attachment":[{"href":"https:\/\/www.book-a-flat.com\/magazine\/wp-json\/wp\/v2\/media?parent=2152"}],"curies":[{"name":"wp","href":"https:\/\/api.w.org\/{rel}","templated":true}]}}